{"id":37,"date":"2017-10-24T11:58:38","date_gmt":"2017-10-24T09:58:38","guid":{"rendered":"http:\/\/glunz.wortreich-gmbh.ch\/?page_id=37"},"modified":"2026-01-01T21:08:08","modified_gmt":"2026-01-01T20:08:08","slug":"willkommen","status":"publish","type":"page","link":"https:\/\/wortreich-gmbh.ch\/","title":{"rendered":"willkommen"},"content":{"rendered":"<h4><sup>&#8230; im Reich der Worte<\/sup><\/h4>\n<p><img loading=\"lazy\" class=\"wp-image-142 alignleft\" src=\"https:\/\/wortreich-gmbh.ch\/wp-content\/uploads\/2020\/07\/MONFLUE9333-Kopie-2-300x250.jpg\" alt=\"\" width=\"287\" height=\"239\" srcset=\"https:\/\/wortreich-gmbh.ch\/wp-content\/uploads\/2020\/07\/MONFLUE9333-Kopie-2-300x250.jpg 300w, https:\/\/wortreich-gmbh.ch\/wp-content\/uploads\/2020\/07\/MONFLUE9333-Kopie-2-768x641.jpg 768w, https:\/\/wortreich-gmbh.ch\/wp-content\/uploads\/2020\/07\/MONFLUE9333-Kopie-2-1024x855.jpg 1024w, https:\/\/wortreich-gmbh.ch\/wp-content\/uploads\/2020\/07\/MONFLUE9333-Kopie-2-640x534.jpg 640w, https:\/\/wortreich-gmbh.ch\/wp-content\/uploads\/2020\/07\/MONFLUE9333-Kopie-2-2048x1710.jpg 2048w, https:\/\/wortreich-gmbh.ch\/wp-content\/uploads\/2020\/07\/MONFLUE9333-Kopie-2-1440x1202.jpg 1440w, https:\/\/wortreich-gmbh.ch\/wp-content\/uploads\/2020\/07\/MONFLUE9333-Kopie-2-385x321.jpg 385w, https:\/\/wortreich-gmbh.ch\/wp-content\/uploads\/2020\/07\/MONFLUE9333-Kopie-2-770x643.jpg 770w\" sizes=\"(max-width: 639px) 98vw, (max-width: 1199px) 64vw, 287px\" \/><em>\u00abSprache ist die Grundlage unserer Kommunikation und leitet unser Denken. Das treffende Wort ist die Br\u00fccke zum Gegen\u00fcber und der Schl\u00fcssel f\u00fcr Ver\u00e4nderung.\u00bb<\/em><\/p>\n<p>\u00a0<\/p>\n<p>\u00a0<\/p>\n<ul>\n<li>Suchen Sie Unterst\u00fctzung beim Verfassen von Texten, die genau ausdr\u00fccken, um was es Ihnen geht und die bei Ihrer Zielgruppe das richtige Bild im Kopf ausl\u00f6sen?<\/li>\n<li>Suchen Sie eine Sparringpartnerin, die Sie in Ihrer aktuellen Situation coacht, begleitet, fachliche Inputs vermittelt, mit Ihnen neue Perspektiven erarbeitet und Ver\u00e4nderungsschritte umsetzt?<\/li>\n<li>Suchen Sie eine Moderatorin Ihres Workshops oder Ihrer Retraite? Eine Supervisorin, Referentin, Kursleiterin?<\/li>\n<\/ul>\n<p style=\"text-align: left;\">Dann sollten wir uns kennenlernen! Ich freue mich auf Ihr Mail oder Telefon.<\/p>\n<p>Ursula Marti, wortreich gmbh<br \/>eidg. dipl. PR-Beraterin<br \/>MAS systemisch-l\u00f6sungsorientiertes Coaching FHNW<\/p>\n<p><a href=\"&#x6d;&#97;i&#x6c;&#116;o&#x3a;&#117;r&#x73;&#117;l&#x61;&#46;m&#x61;&#114;t&#x69;&#64;w&#x6f;&#114;t&#x72;&#101;i&#x63;&#104;-&#x67;&#109;b&#x68;&#46;c&#x68;\">&#117;&#x72;&#115;&#x75;&#108;&#x61;&#46;&#x6d;a&#x72;t&#x69;&#64;&#x77;o&#114;&#x74;&#114;&#x65;&#105;&#x63;&#104;&#x2d;&#103;&#x6d;b&#x68;&#46;&#x63;h<\/a>\u00a0 \u00a0 \u00a0 \u00a0 \u00a0 079 645 61 19<\/p>\n<p>\u00a0<\/p>\n\n\n<p><\/p>\n","protected":false},"excerpt":{"rendered":"<p>&#8230; im Reich der Worte \u00abSprache ist die Grundlage unserer Kommunikation und leitet unser Denken. Das treffende Wort ist die Br\u00fccke zum Gegen\u00fcber und der Schl\u00fcssel f\u00fcr Ver\u00e4nderung.\u00bb \u00a0 \u00a0 Suchen Sie Unterst\u00fctzung beim Verfassen von Texten, die genau ausdr\u00fccken, um was es Ihnen geht und die bei Ihrer Zielgruppe das richtige Bild im Kopf [&hellip;]<\/p>\n","protected":false},"author":1,"featured_media":0,"parent":0,"menu_order":0,"comment_status":"closed","ping_status":"closed","template":"","meta":[],"_links":{"self":[{"href":"https:\/\/wortreich-gmbh.ch\/index.php\/wp-json\/wp\/v2\/pages\/37"}],"collection":[{"href":"https:\/\/wortreich-gmbh.ch\/index.php\/wp-json\/wp\/v2\/pages"}],"about":[{"href":"https:\/\/wortreich-gmbh.ch\/index.php\/wp-json\/wp\/v2\/types\/page"}],"author":[{"embeddable":true,"href":"https:\/\/wortreich-gmbh.ch\/index.php\/wp-json\/wp\/v2\/users\/1"}],"replies":[{"embeddable":true,"href":"https:\/\/wortreich-gmbh.ch\/index.php\/wp-json\/wp\/v2\/comments?post=37"}],"version-history":[{"count":90,"href":"https:\/\/wortreich-gmbh.ch\/index.php\/wp-json\/wp\/v2\/pages\/37\/revisions"}],"predecessor-version":[{"id":394,"href":"https:\/\/wortreich-gmbh.ch\/index.php\/wp-json\/wp\/v2\/pages\/37\/revisions\/394"}],"wp:attachment":[{"href":"https:\/\/wortreich-gmbh.ch\/index.php\/wp-json\/wp\/v2\/media?parent=37"}],"curies":[{"name":"wp","href":"https:\/\/api.w.org\/{rel}","templated":true}]}}